{"id":1727,"date":"2021-08-28T08:39:14","date_gmt":"2021-08-28T08:39:14","guid":{"rendered":"https:\/\/fryingline.com\/?page_id=1727"},"modified":"2021-08-28T08:39:17","modified_gmt":"2021-08-28T08:39:17","slug":"privacy-policy","status":"publish","type":"page","link":"https:\/\/fryingline.com\/de\/privacy-policy\/","title":{"rendered":"Datenschutzrichtlinie von Taizy Machinery"},"content":{"rendered":"<p>Taizy Machinery betreibt die Website https:\/\/fryingline.com\/, die den SERVICE bereitstellt.<\/p>    <p>Diese Seite wird verwendet, um Website-Besucher \u00fcber unsere Richtlinien zur Erfassung, Verwendung und Offenlegung personenbezogener Daten zu informieren, falls sich jemand f\u00fcr die Nutzung unseres Dienstes, der Website \u201efryingline.com\u201c, entscheidet.<\/p>    <p>Wenn Sie sich f\u00fcr die Nutzung unseres Dienstes entscheiden, stimmen Sie der Erfassung und Nutzung von Informationen im Zusammenhang mit dieser Richtlinie zu.Die von uns erfassten personenbezogenen Daten werden zur Bereitstellung und Verbesserung des Dienstes verwendet. Wir werden Ihre Daten nicht verwenden oder an Dritte weitergeben, au\u00dfer wie in dieser Datenschutzrichtlinie beschrieben. <\/p>    <p>Die in dieser Datenschutzrichtlinie verwendeten Begriffe haben die gleiche Bedeutung wie in unseren Allgemeinen Gesch\u00e4ftsbedingungen, die unter https:\/\/fryingline.com\/ zug\u00e4nglich sind.sofern in dieser Datenschutzrichtlinie nichts anderes definiert ist.<\/p>    <h2 class=\"wp-block-heading\" id=\"h-information-collection-and-use\">Sammlung und Nutzung von Informationen<\/h2>    <p>F\u00fcr ein besseres Erlebnis bei der Nutzung unseres Dienstes kann es sein, dass wir Sie auffordern, uns bestimmte pers\u00f6nlich identifizierbare Informationen zur Verf\u00fcgung zu stellen, einschlie\u00dflich, aber nicht beschr\u00e4nkt auf, Ihren Namen, Ihre Telefonnummer und Ihre Postanschrift.Die von uns erfassten Informationen werden dazu verwendet, Sie zu kontaktieren oder zu identifizieren.<\/p>    <h2 class=\"wp-block-heading\" id=\"h-log-data\">Protokolldaten<\/h2>    <p>Wir m\u00f6chten Sie dar\u00fcber informieren, dass wir bei jedem Besuch unseres Dienstes Informationen sammeln, die Ihr Browser an uns sendet, sogenannte Protokolldaten. Diese Protokolldaten k\u00f6nnen Informationen wie die Internet Protocol (\u201eIP\u201c)-Adresse Ihres Computers, die Browserversion,Seiten unseres Dienstes, die Sie besuchen, die Uhrzeit und das Datum Ihres Besuchs, die auf diesen Seiten verbrachte Zeit und andere Statistiken.<\/p>    <h2 class=\"wp-block-heading\" id=\"h-cookies\">Kekse<\/h2>    <p>Cookies sind Dateien mit kleinen Datenmengen, die \u00fcblicherweise als anonyme eindeutige Kennung verwendet werden.Diese werden von der von Ihnen besuchten Website an Ihren Browser gesendet und auf der Festplatte Ihres Computers gespeichert.<\/p>    <p>Unsere Website verwendet diese \u201eCookies\u201c, um Informationen zu sammeln und unseren Service zu verbessern. Sie haben die M\u00f6glichkeit, diese Cookies entweder zu akzeptieren oder abzulehnen, und wissen, wann ein Cookie an Ihren Computer gesendet wird.Wenn Sie unsere Cookies ablehnen, k\u00f6nnen Sie m\u00f6glicherweise einige Teile unseres Dienstes nicht nutzen.Dienstleister<\/p>    <h2 class=\"wp-block-heading\" id=\"h-service-providers\">Aus folgenden Gr\u00fcnden k\u00f6nnen wir Drittunternehmen und Einzelpersonen besch\u00e4ftigen:<\/h2>    <p>Um unseren Service zu erleichtern;<\/p>    <ul class=\"wp-block-list\"><li>Um den Service in unserem Namen bereitzustellen;<\/li><li>Um servicebezogene Dienstleistungen zu erbringen; oder<\/li><li>Um uns bei der Analyse der Nutzung unseres Dienstes zu unterst\u00fctzen.Wir m\u00f6chten unsere Servicenutzer dar\u00fcber informieren, dass diese Dritten Zugriff auf Ihre pers\u00f6nlichen Daten haben. Der Zweck besteht darin, die ihnen \u00fcbertragenen Aufgaben in unserem Namen auszuf\u00fchren. Sie sind jedoch verpflichtet, die Informationen nicht weiterzugeben oder f\u00fcr andere Zwecke zu verwenden.<\/li><li>Sicherheit<\/li><\/ul>    <p>Wir sch\u00e4tzen Ihr Vertrauen in die Bereitstellung Ihrer pers\u00f6nlichen Daten.Daher sind wir bestrebt, kommerziell akzeptable Mittel zum Schutz einzusetzen. Bedenken Sie jedoch, dass keine Methode der \u00dcbertragung \u00fcber das Internet oder Methode der elektronischen Speicherung 100% sicher und zuverl\u00e4ssig ist und wir ihre absolute Sicherheit nicht garantieren k\u00f6nnen.<\/p>    <h2 class=\"wp-block-heading\" id=\"h-security\">Links zu anderen Websites<\/h2>    <p>Unser Service kann Links zu anderen Websites enthalten.Wenn Sie auf einen Link eines Drittanbieters klicken, werden Sie zu dieser Website weitergeleitet. Bitte beachten Sie, dass diese externen Seiten nicht von uns betrieben werden. Wir empfehlen Ihnen daher dringend, die Datenschutzrichtlinien dieser Websites zu lesen. Wir haben keine Kontrolle \u00fcber den Inhalt, die Datenschutzrichtlinien und \u00fcbernehmen keine Verantwortung daf\u00fcr.oder Praktiken von Websites oder Diensten Dritter.<\/p>    <h2 class=\"wp-block-heading\" id=\"h-links-to-other-sites\">Privatsph\u00e4re von Kindern<\/h2>    <p>Unsere Dienste richten sich nicht an Personen unter 13 Jahren. Wir erfassen wissentlich keine personenbezogenen Daten von Kindern unter 13 Jahren. Sollten wir feststellen, dass ein Kind unter 13 Jahren uns personenbezogene Daten zur Verf\u00fcgung gestellt hat,Wir l\u00f6schen diese umgehend von unseren Servern. Wenn Sie ein Elternteil oder Erziehungsberechtigter sind und wissen, dass Ihr Kind uns personenbezogene Daten zur Verf\u00fcgung gestellt hat, kontaktieren Sie uns bitte, damit wir die erforderlichen Ma\u00dfnahmen ergreifen k\u00f6nnen.<\/p>    <p>\u00c4nderungen dieser Datenschutzrichtlinie<\/p>    <p>Wir k\u00f6nnen unsere Datenschutzrichtlinie von Zeit zu Zeit aktualisieren. Daher,Wir empfehlen Ihnen, diese Seite regelm\u00e4\u00dfig auf etwaige \u00c4nderungen zu \u00fcberpr\u00fcfen. Wir werden Sie \u00fcber alle \u00c4nderungen informieren, indem wir die neue Datenschutzrichtlinie auf dieser Seite ver\u00f6ffentlichen. Diese \u00c4nderungen treten sofort nach der Ver\u00f6ffentlichung auf dieser Seite in Kraft.<\/p>    <h2 class=\"wp-block-heading\" id=\"h-changes-to-this-privacy-policy\">Wenn Sie Fragen oder Anregungen zu unserer Datenschutzrichtlinie haben, z\u00f6gern Sie nicht, uns zu kontaktieren.<\/h2>    <p>We may update our Privacy Policy from time to time. Thus, we advise you to review this page periodically for any changes. We will notify you of any changes by posting the new Privacy Policy on this page. These changes are effective immediately, after they are posted on this page.<\/p>    <h2 class=\"wp-block-heading\" id=\"h-contact-us\">Kontaktieren Sie uns<\/h2>    <p>If you have any questions or suggestions about our Privacy Policy, do not hesitate to contact us.<\/p>    <p><\/p>","protected":false},"excerpt":{"rendered":"<p>Taizy Machinery operates the https:\/\/fryingline.com\/ website, which provides the SERVICE. This page is used to inform website visitors regarding our policies with the collection, use, and disclosure of Personal Information if anyone decided to use our Service, the fryingline.com website. If you choose to use our Service, then you agree to the collection and use [&hellip;]<\/p>\n","protected":false},"author":1,"featured_media":0,"parent":0,"menu_order":0,"comment_status":"closed","ping_status":"closed","template":"","meta":{"footnotes":""},"class_list":["post-1727","page","type-page","status-publish","hentry"],"_links":{"self":[{"href":"https:\/\/fryingline.com\/de\/wp-json\/wp\/v2\/pages\/1727","targetHints":{"allow":["GET"]}}],"collection":[{"href":"https:\/\/fryingline.com\/de\/wp-json\/wp\/v2\/pages"}],"about":[{"href":"https:\/\/fryingline.com\/de\/wp-json\/wp\/v2\/types\/page"}],"author":[{"embeddable":true,"href":"https:\/\/fryingline.com\/de\/wp-json\/wp\/v2\/users\/1"}],"replies":[{"embeddable":true,"href":"https:\/\/fryingline.com\/de\/wp-json\/wp\/v2\/comments?post=1727"}],"version-history":[{"count":0,"href":"https:\/\/fryingline.com\/de\/wp-json\/wp\/v2\/pages\/1727\/revisions"}],"wp:attachment":[{"href":"https:\/\/fryingline.com\/de\/wp-json\/wp\/v2\/media?parent=1727"}],"curies":[{"name":"wp","href":"https:\/\/api.w.org\/{rel}","templated":true}]}}