{"id":1727,"date":"2021-08-28T08:39:14","date_gmt":"2021-08-28T08:39:14","guid":{"rendered":"https:\/\/fryingline.com\/?page_id=1727"},"modified":"2021-08-28T08:39:17","modified_gmt":"2021-08-28T08:39:17","slug":"privacy-policy","status":"publish","type":"page","link":"https:\/\/fryingline.com\/pt\/privacy-policy\/","title":{"rendered":"Pol\u00edtica de privacidade da Taizy Machinery"},"content":{"rendered":"<p>A Taizy Machinery opera o site https:\/\/fryingline.com\/, que fornece o SERVI\u00c7O.<\/p>    <p>Esta p\u00e1gina \u00e9 usada para informar os visitantes do site sobre nossas pol\u00edticas de coleta, uso e divulga\u00e7\u00e3o de informa\u00e7\u00f5es pessoais, caso algu\u00e9m decida usar nosso servi\u00e7o, o site friedingline.com.<\/p>    <p>Se voc\u00ea optar por usar nosso Servi\u00e7o, voc\u00ea concorda com a coleta e uso de informa\u00e7\u00f5es relacionadas a esta pol\u00edtica. As Informa\u00e7\u00f5es Pessoais que coletamos s\u00e3o usadas para fornecer e melhorar o Servi\u00e7o. N\u00e3o usaremos nem compartilharemos suas informa\u00e7\u00f5es com ningu\u00e9m, exceto conforme descrito nesta Pol\u00edtica de Privacidade. <\/p>    <p>Os termos utilizados nesta Pol\u00edtica de Privacidade t\u00eam os mesmos significados dos nossos Termos e Condi\u00e7\u00f5es, que est\u00e3o acess\u00edveis em https:\/\/fryingline.com\/, salvo defini\u00e7\u00e3o em contr\u00e1rio nesta Pol\u00edtica de Privacidade.<\/p>    <h2 class=\"wp-block-heading\" id=\"h-information-collection-and-use\">Coleta e uso de informa\u00e7\u00f5es<\/h2>    <p>Para uma melhor experi\u00eancia ao usar nosso Servi\u00e7o, podemos exigir que voc\u00ea nos forne\u00e7a certas informa\u00e7\u00f5es de identifica\u00e7\u00e3o pessoal, incluindo, entre outras, seu nome, n\u00famero de telefone e endere\u00e7o postal. As informa\u00e7\u00f5es que coletamos ser\u00e3o usadas para contat\u00e1-lo ou identific\u00e1-lo.<\/p>    <h2 class=\"wp-block-heading\" id=\"h-log-data\">Dados de registro<\/h2>    <p>Queremos inform\u00e1-lo que sempre que voc\u00ea visita nosso Servi\u00e7o, coletamos informa\u00e7\u00f5es que seu navegador nos envia, chamadas de Dados de Registro. Esses Dados de Registro podem incluir informa\u00e7\u00f5es como o endere\u00e7o de Protocolo de Internet (\u201cIP\u201d) do seu computador, vers\u00e3o do navegador, p\u00e1ginas do nosso Servi\u00e7o que voc\u00ea visita, a hora e a data da sua visita, o tempo gasto nessas p\u00e1ginas e outras estat\u00edsticas.<\/p>    <h2 class=\"wp-block-heading\" id=\"h-cookies\">Biscoitos<\/h2>    <p>Cookies s\u00e3o arquivos com pequena quantidade de dados que normalmente s\u00e3o usados \u200b\u200bcomo um identificador \u00fanico an\u00f4nimo. Eles s\u00e3o enviados para o seu navegador a partir do site que voc\u00ea visita e s\u00e3o armazenados no disco r\u00edgido do seu computador.<\/p>    <p>Nosso site utiliza esses \u201ccookies\u201d para coletar informa\u00e7\u00f5es e melhorar nosso Servi\u00e7o. Voc\u00ea tem a op\u00e7\u00e3o de aceitar ou recusar esses cookies e saber quando um cookie est\u00e1 sendo enviado para o seu computador. Se voc\u00ea optar por recusar nossos cookies, talvez n\u00e3o consiga usar algumas partes do nosso Servi\u00e7o.<\/p>    <h2 class=\"wp-block-heading\" id=\"h-service-providers\">Provedores de servi\u00e7o<\/h2>    <p>Podemos contratar empresas e indiv\u00edduos terceirizados pelos seguintes motivos:<\/p>    <ul class=\"wp-block-list\"><li>Para facilitar nosso Servi\u00e7o;<\/li><li>Para fornecer o Servi\u00e7o em nosso nome;<\/li><li>Para realizar servi\u00e7os relacionados ao Servi\u00e7o; ou<\/li><li>Para nos ajudar a analisar como nosso Servi\u00e7o \u00e9 usado.<\/li><\/ul>    <p>Queremos informar aos usu\u00e1rios do nosso Servi\u00e7o que esses terceiros t\u00eam acesso \u00e0s suas Informa\u00e7\u00f5es Pessoais. O motivo \u00e9 executar as tarefas que lhes s\u00e3o atribu\u00eddas em nosso nome. No entanto, eles s\u00e3o obrigados a n\u00e3o divulgar ou utilizar as informa\u00e7\u00f5es para qualquer outro fim.<\/p>    <h2 class=\"wp-block-heading\" id=\"h-security\">Seguran\u00e7a<\/h2>    <p>Valorizamos a sua confian\u00e7a em nos fornecer as suas Informa\u00e7\u00f5es Pessoais, por isso estamos nos esfor\u00e7ando para usar meios comercialmente aceit\u00e1veis \u200b\u200bpara proteg\u00ea-las. Mas lembre-se de que nenhum m\u00e9todo de transmiss\u00e3o pela Internet ou m\u00e9todo de armazenamento eletr\u00f4nico \u00e9 100% seguro e confi\u00e1vel, e n\u00e3o podemos garantir sua seguran\u00e7a absoluta.<\/p>    <h2 class=\"wp-block-heading\" id=\"h-links-to-other-sites\">Links para outros sites<\/h2>    <p>Nosso Servi\u00e7o pode conter links para outros sites. Se voc\u00ea clicar em um link de terceiros, ser\u00e1 direcionado para esse site. Observe que esses sites externos n\u00e3o s\u00e3o operados por n\u00f3s. Portanto, aconselhamos vivamente que reveja a Pol\u00edtica de Privacidade destes websites. N\u00e3o temos controle e n\u00e3o assumimos responsabilidade pelo conte\u00fado, pol\u00edticas de privacidade ou pr\u00e1ticas de quaisquer sites ou servi\u00e7os de terceiros.<\/p>    <p>Privacidade infantil<\/p>    <p>Nossos Servi\u00e7os n\u00e3o se dirigem a ningu\u00e9m com menos de 13 anos. N\u00e3o coletamos intencionalmente informa\u00e7\u00f5es pessoais identific\u00e1veis \u200b\u200bde crian\u00e7as menores de 13 anos. Caso descubramos que uma crian\u00e7a menor de 13 anos nos forneceu informa\u00e7\u00f5es pessoais, as excluiremos imediatamente de nossos servidores. Se voc\u00ea \u00e9 pai ou respons\u00e1vel e sabe que seu filho nos forneceu informa\u00e7\u00f5es pessoais, entre em contato conosco para que possamos tomar as medidas necess\u00e1rias.<\/p>    <h2 class=\"wp-block-heading\" id=\"h-changes-to-this-privacy-policy\">Altera\u00e7\u00f5es nesta Pol\u00edtica de Privacidade<\/h2>    <p>Poderemos atualizar nossa Pol\u00edtica de Privacidade de tempos em tempos. Assim, aconselhamos que reveja esta p\u00e1gina periodicamente para quaisquer altera\u00e7\u00f5es. Iremos notific\u00e1-lo sobre quaisquer altera\u00e7\u00f5es publicando a nova Pol\u00edtica de Privacidade nesta p\u00e1gina. Estas altera\u00e7\u00f5es entram em vigor imediatamente ap\u00f3s serem publicadas nesta p\u00e1gina.<\/p>    <h2 class=\"wp-block-heading\" id=\"h-contact-us\">Contate-nos<\/h2>    <p>Se tiver alguma d\u00favida ou sugest\u00e3o sobre a nossa Pol\u00edtica de Privacidade, n\u00e3o hesite em contactar-nos.<\/p>    <p><\/p>","protected":false},"excerpt":{"rendered":"<p>Taizy Machinery operates the https:\/\/fryingline.com\/ website, which provides the SERVICE. This page is used to inform website visitors regarding our policies with the collection, use, and disclosure of Personal Information if anyone decided to use our Service, the fryingline.com website. If you choose to use our Service, then you agree to the collection and use [&hellip;]<\/p>\n","protected":false},"author":1,"featured_media":0,"parent":0,"menu_order":0,"comment_status":"closed","ping_status":"closed","template":"","meta":{"footnotes":""},"class_list":["post-1727","page","type-page","status-publish","hentry"],"_links":{"self":[{"href":"https:\/\/fryingline.com\/pt\/wp-json\/wp\/v2\/pages\/1727","targetHints":{"allow":["GET"]}}],"collection":[{"href":"https:\/\/fryingline.com\/pt\/wp-json\/wp\/v2\/pages"}],"about":[{"href":"https:\/\/fryingline.com\/pt\/wp-json\/wp\/v2\/types\/page"}],"author":[{"embeddable":true,"href":"https:\/\/fryingline.com\/pt\/wp-json\/wp\/v2\/users\/1"}],"replies":[{"embeddable":true,"href":"https:\/\/fryingline.com\/pt\/wp-json\/wp\/v2\/comments?post=1727"}],"version-history":[{"count":0,"href":"https:\/\/fryingline.com\/pt\/wp-json\/wp\/v2\/pages\/1727\/revisions"}],"wp:attachment":[{"href":"https:\/\/fryingline.com\/pt\/wp-json\/wp\/v2\/media?parent=1727"}],"curies":[{"name":"wp","href":"https:\/\/api.w.org\/{rel}","templated":true}]}}