{"id":1727,"date":"2021-08-28T08:39:14","date_gmt":"2021-08-28T08:39:14","guid":{"rendered":"https:\/\/fryingline.com\/?page_id=1727"},"modified":"2021-08-28T08:39:17","modified_gmt":"2021-08-28T08:39:17","slug":"privacy-policy","status":"publish","type":"page","link":"https:\/\/fryingline.com\/tr\/privacy-policy\/","title":{"rendered":"Taizy Makinelerinin Gizlilik Politikas\u0131"},"content":{"rendered":"<p>Taizy Machinery, hizmeti sa\u011flayan https:\/\/fryingline.com\/ web sitesini i\u015fletmektedir.<\/p>    <p>Bu sayfa, hizmetimizi kullanmaya karar verdiyse, ki\u015fisel bilgilerin toplanmas\u0131, kullan\u0131lmas\u0131 ve if\u015fa edilmesi ile ilgili politikalar\u0131m\u0131zla ilgili web sitesi ziyaret\u00e7ilerini bilgilendirmek i\u00e7in kullan\u0131l\u0131r.<\/p>    <p>Hizmetimizi kullanmay\u0131 se\u00e7erseniz, bu politika ile ilgili olarak bilgi toplanmas\u0131n\u0131 ve kullan\u0131m\u0131n\u0131 kabul edersiniz. Toplad\u0131\u011f\u0131m\u0131z ki\u015fisel bilgiler hizmeti sa\u011flamak ve geli\u015ftirmek i\u00e7in kullan\u0131l\u0131r. Bu Gizlilik Politikas\u0131nda a\u00e7\u0131klananlar d\u0131\u015f\u0131nda bilgilerinizi kimseyle kullanmayaca\u011f\u0131z veya payla\u015fmayaca\u011f\u0131z. <\/p>    <p>Bu Gizlilik Politikas\u0131nda kullan\u0131lan terimler, bu Gizlilik Politikas\u0131nda aksi belirtilmedik\u00e7e, https:\/\/fryingline.com\/ adresinden eri\u015filebilen \u015fartlar ve ko\u015fullar\u0131m\u0131zla ayn\u0131 anlamlara sahiptir.<\/p>    <h2 class=\"wp-block-heading\" id=\"h-information-collection-and-use\">Bilgi Toplama ve Kullan\u0131m<\/h2>    <p>Hizmetimizi kullan\u0131rken daha iyi bir deneyim i\u00e7in, ad\u0131n\u0131z, telefon numaran\u0131z ve posta adresiniz dahil ancak bunlarla s\u0131n\u0131rl\u0131 olmamak \u00fczere bize ki\u015fisel olarak tan\u0131mlanabilir baz\u0131 bilgileri sunman\u0131z\u0131 isteyebiliriz. Toplad\u0131\u011f\u0131m\u0131z bilgiler sizinle ileti\u015fim kurmak veya tan\u0131mlamak i\u00e7in kullan\u0131lacakt\u0131r.<\/p>    <h2 class=\"wp-block-heading\" id=\"h-log-data\">G\u00fcnl\u00fck verileri<\/h2>    <p>Hizmetimizi ziyaret etti\u011finizde, taray\u0131c\u0131n\u0131z\u0131n bize g\u00fcnl\u00fck verileri olarak adland\u0131r\u0131lan bilgileri toplad\u0131\u011f\u0131n\u0131 bildirmek istiyoruz. Bu g\u00fcnl\u00fck verileri, bilgisayar\u0131n\u0131z\u0131n \u0130nternet Protokol\u00fc (\u201cIP\u201d) adresi, taray\u0131c\u0131 s\u00fcr\u00fcm\u00fc, ziyaret etti\u011finiz hizmetimizin sayfalar\u0131, ziyaretinizin saati ve tarihi, bu sayfalarda harcanan saat ve di\u011fer istatistikler gibi bilgileri i\u00e7erebilir.<\/p>    <h2 class=\"wp-block-heading\" id=\"h-cookies\">Kurabiye<\/h2>    <p>\u00c7erezler, yayg\u0131n olarak anonim benzersiz bir tan\u0131mlay\u0131c\u0131 kullan\u0131lan az miktarda veriye sahip dosyalard\u0131r. Bunlar, ziyaret etti\u011finiz web sitesinden taray\u0131c\u0131n\u0131za g\u00f6nderilir ve bilgisayar\u0131n\u0131z\u0131n sabit diskinde saklan\u0131r.<\/p>    <p>Web sitemiz bu \"\u00e7erezleri\" toplamak ve hizmetimizi geli\u015ftirmek i\u00e7in kullan\u0131r. Bu \u00e7erezleri kabul etme veya reddetme ve bilgisayar\u0131n\u0131za ne zaman bir \u00e7erez g\u00f6nderildi\u011fini bilme se\u00e7ene\u011finiz var. \u00c7erezlerimizi reddetmeyi se\u00e7erseniz, hizmetimizin baz\u0131 b\u00f6l\u00fcmlerini kullanamayabilirsiniz.<\/p>    <h2 class=\"wp-block-heading\" id=\"h-service-providers\">Servis sa\u011flay\u0131c\u0131lar\u0131<\/h2>    <p>A\u015fa\u011f\u0131daki nedenlerden dolay\u0131 \u00fc\u00e7\u00fcnc\u00fc taraf \u015firketleri ve bireyleri istihdam edebiliriz:<\/p>    <ul class=\"wp-block-list\"><li>Hizmetimizi kolayla\u015ft\u0131rmak i\u00e7in;<\/li><li>Hizmeti bizim ad\u0131m\u0131za sa\u011flamak i\u00e7in;<\/li><li>Hizmetle ilgili hizmetleri ger\u00e7ekle\u015ftirmek; veya<\/li><li>Hizmetimizin nas\u0131l kullan\u0131ld\u0131\u011f\u0131n\u0131 analiz etmemize yard\u0131mc\u0131 olmak i\u00e7in.<\/li><\/ul>    <p>Hizmet kullan\u0131c\u0131lar\u0131m\u0131za bu \u00fc\u00e7\u00fcnc\u00fc taraflar\u0131n ki\u015fisel bilgilerinize eri\u015febilece\u011fini bildirmek istiyoruz. Bunun nedeni, bizim ad\u0131m\u0131za atanan g\u00f6revleri ger\u00e7ekle\u015ftirmektir. Ancak, bilgileri ba\u015fka herhangi bir ama\u00e7 i\u00e7in if\u015fa etmemeleri veya kullanmamalar\u0131 zorunludurlar.<\/p>    <h2 class=\"wp-block-heading\" id=\"h-security\">G\u00fcvenlik<\/h2>    <p>Bize ki\u015fisel bilgilerinizi sa\u011flama g\u00fcveninize de\u011fer veriyoruz, bu nedenle onu korumak i\u00e7in ticari olarak kabul edilebilir yollar kullanmaya \u00e7al\u0131\u015f\u0131yoruz. Ancak, internet \u00fczerinden hi\u00e7bir iletim y\u00f6nteminin veya elektronik depolama y\u00f6nteminin 100% g\u00fcvenli ve g\u00fcvenilir oldu\u011funu ve mutlak g\u00fcvenli\u011fini garanti edemeyiz.<\/p>    <h2 class=\"wp-block-heading\" id=\"h-links-to-other-sites\">Di\u011fer sitelere ba\u011flant\u0131lar<\/h2>    <p>Hizmetimiz di\u011fer sitelere ba\u011flant\u0131lar i\u00e7erebilir. \u00dc\u00e7\u00fcnc\u00fc taraf bir ba\u011flant\u0131y\u0131 t\u0131klarsan\u0131z, o siteye y\u00f6nlendirilirsiniz. Bu harici sitelerin bizim taraf\u0131m\u0131zdan \u00e7al\u0131\u015ft\u0131r\u0131lmad\u0131\u011f\u0131n\u0131 unutmay\u0131n. Bu nedenle, bu web sitelerinin gizlilik politikas\u0131n\u0131 g\u00f6zden ge\u00e7irmenizi \u015fiddetle tavsiye ediyoruz. \u00dc\u00e7\u00fcnc\u00fc taraf sitelerin veya hizmetlerin i\u00e7eri\u011fi, gizlilik politikalar\u0131 veya uygulamalar\u0131 \u00fczerinde hi\u00e7bir kontrol\u00fcm\u00fcz yoktur ve sorumlulu\u011fumuz yoktur.<\/p>    <p>\u00c7ocuklar\u0131n Gizlili\u011fi<\/p>    <p>Hizmetlerimiz 13 ya\u015f\u0131n alt\u0131ndaki kimseye hitap etmiyor. 13 ya\u015f\u0131n alt\u0131ndaki \u00e7ocuklardan bilerek ki\u015fisel tan\u0131mlanabilir bilgileri toplam\u0131yoruz. 13 ya\u015f\u0131n alt\u0131ndaki bir \u00e7ocu\u011fun bize ki\u015fisel bilgiler verdi\u011fini ke\u015ffettik, bunu hemen sunucular\u0131m\u0131zdan siliyoruz. E\u011fer bir ebeveyn veya vasi iseniz ve \u00e7ocu\u011funuzun bize ki\u015fisel bilgiler verdi\u011finin fark\u0131ndaysan\u0131z, gerekli eylemleri yapabilmemiz i\u00e7in l\u00fctfen bizimle ileti\u015fime ge\u00e7in.<\/p>    <h2 class=\"wp-block-heading\" id=\"h-changes-to-this-privacy-policy\">Bu Gizlilik Politikas\u0131nda De\u011fi\u015fiklikler<\/h2>    <p>Gizlilik politikam\u0131z\u0131 zaman zaman g\u00fcncelleyebiliriz. Bu nedenle, herhangi bir de\u011fi\u015fiklik i\u00e7in bu sayfay\u0131 periyodik olarak incelemenizi \u00f6neririz. Bu sayfada yeni Gizlilik Politikas\u0131n\u0131 yay\u0131nlayarak herhangi bir de\u011fi\u015fiklik hakk\u0131nda sizi bilgilendirece\u011fiz. Bu de\u011fi\u015fiklikler, bu sayfaya g\u00f6nderildikten hemen sonra ge\u00e7erlidir.<\/p>    <h2 class=\"wp-block-heading\" id=\"h-contact-us\">Bize Ula\u015f\u0131n<\/h2>    <p>Gizlilik politikam\u0131z hakk\u0131nda herhangi bir sorunuz veya \u00f6neriniz varsa, bizimle ileti\u015fime ge\u00e7mekten \u00e7ekinmeyin.<\/p>    <p><\/p>","protected":false},"excerpt":{"rendered":"<p>Taizy Machinery operates the https:\/\/fryingline.com\/ website, which provides the SERVICE. This page is used to inform website visitors regarding our policies with the collection, use, and disclosure of Personal Information if anyone decided to use our Service, the fryingline.com website. If you choose to use our Service, then you agree to the collection and use [&hellip;]<\/p>\n","protected":false},"author":1,"featured_media":0,"parent":0,"menu_order":0,"comment_status":"closed","ping_status":"closed","template":"","meta":{"footnotes":""},"class_list":["post-1727","page","type-page","status-publish","hentry"],"_links":{"self":[{"href":"https:\/\/fryingline.com\/tr\/wp-json\/wp\/v2\/pages\/1727","targetHints":{"allow":["GET"]}}],"collection":[{"href":"https:\/\/fryingline.com\/tr\/wp-json\/wp\/v2\/pages"}],"about":[{"href":"https:\/\/fryingline.com\/tr\/wp-json\/wp\/v2\/types\/page"}],"author":[{"embeddable":true,"href":"https:\/\/fryingline.com\/tr\/wp-json\/wp\/v2\/users\/1"}],"replies":[{"embeddable":true,"href":"https:\/\/fryingline.com\/tr\/wp-json\/wp\/v2\/comments?post=1727"}],"version-history":[{"count":0,"href":"https:\/\/fryingline.com\/tr\/wp-json\/wp\/v2\/pages\/1727\/revisions"}],"wp:attachment":[{"href":"https:\/\/fryingline.com\/tr\/wp-json\/wp\/v2\/media?parent=1727"}],"curies":[{"name":"wp","href":"https:\/\/api.w.org\/{rel}","templated":true}]}}