{"id":12,"date":"2020-03-30T02:37:05","date_gmt":"2020-03-30T02:37:05","guid":{"rendered":"https:\/\/fryingline.com\/?page_id=12"},"modified":"2024-04-24T14:34:36","modified_gmt":"2024-04-24T06:34:36","slug":"about-us","status":"publish","type":"page","link":"https:\/\/fryingline.com\/vi\/about-us\/","title":{"rendered":"V\u1ec1 ch\u00fang t\u00f4i"},"content":{"rendered":"<div data-elementor-type=\"wp-page\" data-elementor-id=\"12\" class=\"elementor elementor-12\" data-elementor-post-type=\"page\"> \t\t\t\t<div class=\"elementor-element elementor-element-19357b7 e-flex e-con-boxed e-con e-parent\" data-id=\"19357b7\" data-element_type=\"container\" data-e-type=\"container\"> \t\t\t\t\t<div class=\"e-con-inner\"> \t\t<div class=\"elementor-element elementor-element-54330be e-con-full e-flex e-con e-child\" data-id=\"54330be\" data-element_type=\"container\" data-e-type=\"container\"> \t\t\t\t<div class=\"elementor-element elementor-element-9918d9a elementor-widget elementor-widget-heading\" data-id=\"9918d9a\" data-element_type=\"widget\" data-e-type=\"widget\" data-widget_type=\"heading.default\"> \t\t\t\t\t<h1 class=\"elementor-heading-title elementor-size-default\">C\u00e2u chuy\u1ec7n c\u1ee7a ch\u00fang t\u00f4i<\/h1>\t\t\t\t<\/div> \t\t\t\t<div class=\"elementor-element elementor-element-8e6a648 elementor-widget elementor-widget-text-editor\" data-id=\"8e6a648\" data-element_type=\"widget\" data-e-type=\"widget\" data-widget_type=\"text-editor.default\"> \t\t\t\t\t\t\t\t\t<p>Ch\u00fang t\u00f4i \u0111\u00e3 tham gia v\u00e0o l\u0129nh v\u1ef1c m\u00e1y chi\u00ean trong nhi\u1ec1u n\u0103m. Cho \u0111\u1ebfn nay, m\u00e1y m\u00f3c Taizy c\u00f3 c\u00e1c k\u1ef9 thu\u1eadt vi\u00ean, k\u1ef9 s\u01b0 v\u00e0 nh\u00e2n vi\u00ean d\u1ecbch v\u1ee5 h\u1eadu m\u00e3i chuy\u00ean nghi\u1ec7p, t\u1ea1o th\u00e0nh m\u1ed9t \u0111\u1ed9i ng\u0169 ch\u1ea5t l\u01b0\u1ee3ng cao v\u00e0 c\u00f3 t\u00ednh s\u00e1ng t\u1ea1o cao. Ch\u00fang t\u00f4i ki\u00ean quy\u1ebft \u0111\u1eb7t l\u1ee3i \u00edch c\u1ee7a kh\u00e1ch h\u00e0ng l\u00ean h\u00e0ng \u0111\u1ea7u v\u00e0 tu\u00e2n th\u1ee7 th\u00e1i \u0111\u1ed9 ch\u00e2n th\u00e0nh, ch\u1ea5t l\u01b0\u1ee3ng tuy\u1ec7t v\u1eddi v\u00e0 d\u1ecbch v\u1ee5 ho\u00e0n h\u1ea3o trong qu\u00e1 tr\u00ecnh b\u00e1n h\u00e0ng, \u0111\u00e3 \u0111\u01b0\u1ee3c kh\u00e1ch h\u00e0ng nh\u1ea5t tr\u00ed khen ng\u1ee3i.<\/p>\t\t\t\t\t\t\t\t<\/div> \t\t<div class=\"elementor-element elementor-element-640188e e-con-full e-flex e-con e-child\" data-id=\"640188e\" data-element_type=\"container\" data-e-type=\"container\"> \t\t\t\t<div class=\"elementor-element elementor-element-a697170 elementor-align-start elementor-mobile-align-start elementor-icon-list--layout-traditional elementor-list-item-link-full_width elementor-widget elementor-widget-icon-list\" data-id=\"a697170\" data-element_type=\"widget\" data-e-type=\"widget\" data-widget_type=\"icon-list.default\"> \t\t\t\t\t\t\t<ul class=\"elementor-icon-list-items\"> \t\t\t\t\t\t\t<li class=\"elementor-icon-list-item\"> \t\t\t\t\t\t\t\t\t\t\t<span class=\"elementor-icon-list-icon\"> \t\t\t\t\t\t\t<svg aria-hidden=\"true\" class=\"e-font-icon-svg e-far-arrow-alt-circle-right\" viewbox=\"0 0 512 512\" xmlns=\"http:\/\/www.w3.org\/2000\/svg\"><path d=\"M504 256C504 119 393 8 256 8S8 119 8 256s111 248 248 248 248-111 248-248zm-448 0c0-110.5 89.5-200 200-200s200 89.5 200 200-89.5 200-200 200S56 366.5 56 256zm72 20v-40c0-6.6 5.4-12 12-12h116v-67c0-10.7 12.9-16 20.5-8.5l99 99c4.7 4.7 4.7 12.3 0 17l-99 99c-7.6 7.6-20.5 2.2-20.5-8.5v-67H140c-6.6 0-12-5.4-12-12z\"><\/path><\/svg>\t\t\t\t\t\t<\/span> \t\t\t\t\t\t\t\t\t\t<span class=\"elementor-icon-list-text\">Ch\u1ea5t l\u01b0\u1ee3ng \u0111\u1ea7u ti\u00ean<\/span> \t\t\t\t\t\t\t\t\t<\/li> \t\t\t\t\t\t\t\t<li class=\"elementor-icon-list-item\"> \t\t\t\t\t\t\t\t\t\t\t<span class=\"elementor-icon-list-icon\"> \t\t\t\t\t\t\t<svg aria-hidden=\"true\" class=\"e-font-icon-svg e-far-arrow-alt-circle-right\" viewbox=\"0 0 512 512\" xmlns=\"http:\/\/www.w3.org\/2000\/svg\"><path d=\"M504 256C504 119 393 8 256 8S8 119 8 256s111 248 248 248 248-111 248-248zm-448 0c0-110.5 89.5-200 200-200s200 89.5 200 200-89.5 200-200 200S56 366.5 56 256zm72 20v-40c0-6.6 5.4-12 12-12h116v-67c0-10.7 12.9-16 20.5-8.5l99 99c4.7 4.7 4.7 12.3 0 17l-99 99c-7.6 7.6-20.5 2.2-20.5-8.5v-67H140c-6.6 0-12-5.4-12-12z\"><\/path><\/svg>\t\t\t\t\t\t<\/span> \t\t\t\t\t\t\t\t\t\t<span class=\"elementor-icon-list-text\">Kh\u00e1ch h\u00e0ng l\u00e0 tr\u00ean h\u1ebft<\/span> \t\t\t\t\t\t\t\t\t<\/li> \t\t\t\t\t\t<\/ul> \t\t\t\t\t\t<\/div> \t\t\t\t<div class=\"elementor-element elementor-element-7abf3ad elementor-align-start elementor-mobile-align-start elementor-icon-list--layout-traditional elementor-list-item-link-full_width elementor-widget elementor-widget-icon-list\" data-id=\"7abf3ad\" data-element_type=\"widget\" data-e-type=\"widget\" data-widget_type=\"icon-list.default\"> \t\t\t\t\t\t\t<ul class=\"elementor-icon-list-items\"> \t\t\t\t\t\t\t<li class=\"elementor-icon-list-item\"> \t\t\t\t\t\t\t\t\t\t\t<span class=\"elementor-icon-list-icon\"> \t\t\t\t\t\t\t<svg aria-hidden=\"true\" class=\"e-font-icon-svg e-far-arrow-alt-circle-right\" viewbox=\"0 0 512 512\" xmlns=\"http:\/\/www.w3.org\/2000\/svg\"><path d=\"M504 256C504 119 393 8 256 8S8 119 8 256s111 248 248 248 248-111 248-248zm-448 0c0-110.5 89.5-200 200-200s200 89.5 200 200-89.5 200-200 200S56 366.5 56 256zm72 20v-40c0-6.6 5.4-12 12-12h116v-67c0-10.7 12.9-16 20.5-8.5l99 99c4.7 4.7 4.7 12.3 0 17l-99 99c-7.6 7.6-20.5 2.2-20.5-8.5v-67H140c-6.6 0-12-5.4-12-12z\"><\/path><\/svg>\t\t\t\t\t\t<\/span> \t\t\t\t\t\t\t\t\t\t<span class=\"elementor-icon-list-text\">D\u1ecbch v\u1ee5 \u0111\u1ea7u ti\u00ean<\/span> \t\t\t\t\t\t\t\t\t<\/li> \t\t\t\t\t\t\t\t<li class=\"elementor-icon-list-item\"> \t\t\t\t\t\t\t\t\t\t\t<span class=\"elementor-icon-list-icon\"> \t\t\t\t\t\t\t<svg aria-hidden=\"true\" class=\"e-font-icon-svg e-far-arrow-alt-circle-right\" viewbox=\"0 0 512 512\" xmlns=\"http:\/\/www.w3.org\/2000\/svg\"><path d=\"M504 256C504 119 393 8 256 8S8 119 8 256s111 248 248 248 248-111 248-248zm-448 0c0-110.5 89.5-200 200-200s200 89.5 200 200-89.5 200-200 200S56 366.5 56 256zm72 20v-40c0-6.6 5.4-12 12-12h116v-67c0-10.7 12.9-16 20.5-8.5l99 99c4.7 4.7 4.7 12.3 0 17l-99 99c-7.6 7.6-20.5 2.2-20.5-8.5v-67H140c-6.6 0-12-5.4-12-12z\"><\/path><\/svg>\t\t\t\t\t\t<\/span> \t\t\t\t\t\t\t\t\t\t<span class=\"elementor-icon-list-text\">D\u1ef1a tr\u00ean th\u1ecb tr\u01b0\u1eddng<\/span> \t\t\t\t\t\t\t\t\t<\/li> \t\t\t\t\t\t<\/ul> \t\t\t\t\t\t<\/div> \t\t\t\t<\/div> \t\t\t\t<\/div> \t\t\t\t<div class=\"elementor-element elementor-element-4b93c48 elementor-widget elementor-widget-image\" data-id=\"4b93c48\" data-element_type=\"widget\" data-e-type=\"widget\" data-widget_type=\"image.default\"> \t\t\t\t\t\t\t\t\t\t\t\t\t\t\t<img fetchpriority=\"high\" decoding=\"async\" width=\"650\" height=\"400\" src=\"https:\/\/fryingline.com\/wp-content\/uploads\/2020\/04\/project1.jpg\" class=\"attachment-full size-full wp-image-148\" alt=\"\" srcset=\"https:\/\/fryingline.com\/wp-content\/uploads\/2020\/04\/project1.jpg 650w, https:\/\/fryingline.com\/wp-content\/uploads\/2020\/04\/project1-300x185.jpg 300w\" sizes=\"(max-width: 650px) 100vw, 650px\" title=\"\">\t\t\t\t\t\t\t\t\t\t\t\t\t\t\t<\/div> \t\t\t\t\t<\/div> \t\t\t\t<\/div> \t\t<div class=\"elementor-element elementor-element-4b8ab3f e-flex e-con-boxed e-con e-parent\" data-id=\"4b8ab3f\" data-element_type=\"container\" data-e-type=\"container\" data-settings=\"{&quot;background_background&quot;:&quot;classic&quot;}\"> \t\t\t\t\t<div class=\"e-con-inner\"> \t\t\t\t<div class=\"elementor-element elementor-element-ef5e57c elementor-widget elementor-widget-heading\" data-id=\"ef5e57c\" data-element_type=\"widget\" data-e-type=\"widget\" data-widget_type=\"heading.default\"> \t\t\t\t\t<h3 class=\"elementor-heading-title elementor-size-default\">Ch\u00fang t\u00f4i cung c\u1ea5p d\u1ecbch v\u1ee5 t\u1ed1t nh\u1ea5t cho b\u1ea1n<\/h3>\t\t\t\t<\/div> \t\t\t\t<div class=\"elementor-element elementor-element-6696439 elementor-widget elementor-widget-heading\" data-id=\"6696439\" data-element_type=\"widget\" data-e-type=\"widget\" data-widget_type=\"heading.default\"> \t\t\t\t\t<h5 class=\"elementor-heading-title elementor-size-default\">D\u00e2y chuy\u1ec1n ch\u1ebf bi\u1ebfn m\u00f3n chi\u00ean chuy\u00ean nghi\u1ec7p <\/h5>\t\t\t\t<\/div> \t\t\t\t<div class=\"elementor-element elementor-element-06f7531 elementor-align-center elementor-widget elementor-widget-button\" data-id=\"06f7531\" data-element_type=\"widget\" data-e-type=\"widget\" data-widget_type=\"button.default\"> \t\t\t\t\t\t\t\t\t\t<a class=\"elementor-button elementor-button-link elementor-size-md\" href=\"#quotation\"> \t\t\t\t\t\t<span class=\"elementor-button-content-wrapper\"> \t\t\t\t\t\t\t\t\t<span class=\"elementor-button-text\">Li\u00ean h\u1ec7 v\u1edbi ch\u00fang t\u00f4i ngay h\u00f4m nay<\/span> \t\t\t\t\t<\/span> \t\t\t\t\t<\/a> \t\t\t\t\t\t\t\t<\/div> \t\t\t\t\t<\/div> \t\t\t\t<\/div> \t\t\t\t<\/div>","protected":false},"excerpt":{"rendered":"<p>Our Story We have been engaging in frying machine for many years. Until now, Taizy machinery has professional technicians, engineers and after-sales service personnel, forming a high-quality and highly innovative team. We insist on putting the interests of our customers first, and adhere to a sincere attitude, excellent quality and perfect service in the sales [&hellip;]<\/p>\n","protected":false},"author":1,"featured_media":0,"parent":0,"menu_order":0,"comment_status":"closed","ping_status":"closed","template":"elementor_header_footer","meta":{"footnotes":""},"class_list":["post-12","page","type-page","status-publish","hentry"],"_links":{"self":[{"href":"https:\/\/fryingline.com\/vi\/wp-json\/wp\/v2\/pages\/12","targetHints":{"allow":["GET"]}}],"collection":[{"href":"https:\/\/fryingline.com\/vi\/wp-json\/wp\/v2\/pages"}],"about":[{"href":"https:\/\/fryingline.com\/vi\/wp-json\/wp\/v2\/types\/page"}],"author":[{"embeddable":true,"href":"https:\/\/fryingline.com\/vi\/wp-json\/wp\/v2\/users\/1"}],"replies":[{"embeddable":true,"href":"https:\/\/fryingline.com\/vi\/wp-json\/wp\/v2\/comments?post=12"}],"version-history":[{"count":0,"href":"https:\/\/fryingline.com\/vi\/wp-json\/wp\/v2\/pages\/12\/revisions"}],"wp:attachment":[{"href":"https:\/\/fryingline.com\/vi\/wp-json\/wp\/v2\/media?parent=12"}],"curies":[{"name":"wp","href":"https:\/\/api.w.org\/{rel}","templated":true}]}}